{"id":5108,"date":"2025-11-10T11:38:29","date_gmt":"2025-11-10T10:38:29","guid":{"rendered":"https:\/\/www.escoladepastisseria.cat\/instalaciones\/"},"modified":"2026-04-22T17:46:36","modified_gmt":"2026-04-22T15:46:36","slug":"instalaciones","status":"publish","type":"page","link":"https:\/\/www.escoladepastisseria.cat\/es\/instalaciones\/","title":{"rendered":"Instalaciones"},"content":{"rendered":"\t\t<div data-elementor-type=\"wp-page\" data-elementor-id=\"5108\" class=\"elementor elementor-5108 elementor-21\" data-elementor-post-type=\"page\">\n\t\t\t\t<div class=\"elementor-element elementor-element-26eb058 e-con-full e-flex e-con e-parent\" data-id=\"26eb058\" data-element_type=\"container\" data-e-type=\"container\">\n\t\t\t\t<div class=\"elementor-element elementor-element-4d2d1d0 elementor--h-position-center elementor--v-position-middle elementor-arrows-position-inside elementor-pagination-position-inside elementor-widget elementor-widget-slides\" data-id=\"4d2d1d0\" data-element_type=\"widget\" data-e-type=\"widget\" data-settings=\"{&quot;navigation&quot;:&quot;both&quot;,&quot;autoplay&quot;:&quot;yes&quot;,&quot;pause_on_hover&quot;:&quot;yes&quot;,&quot;pause_on_interaction&quot;:&quot;yes&quot;,&quot;autoplay_speed&quot;:5000,&quot;infinite&quot;:&quot;yes&quot;,&quot;transition&quot;:&quot;slide&quot;,&quot;transition_speed&quot;:500}\" data-widget_type=\"slides.default\">\n\t\t\t\t\t\t\t\t\t\t<div class=\"elementor-slides-wrapper elementor-main-swiper swiper\" role=\"region\" aria-roledescription=\"carousel\" aria-label=\"Diapositives\" dir=\"ltr\" data-animation=\"fadeInUp\">\n\t\t\t\t<div class=\"swiper-wrapper elementor-slides\">\n\t\t\t\t\t\t\t\t\t\t<div class=\"elementor-repeater-item-1fed72b swiper-slide\" role=\"group\" aria-roledescription=\"slide\"><div class=\"swiper-slide-bg\" role=\"img\" aria-label=\"EPGB - Instalaciones\"><\/div><div class=\"elementor-background-overlay\"><\/div><div class=\"swiper-slide-inner\" ><div class=\"swiper-slide-contents\"><div class=\"elementor-slide-heading\">Las Instalaciones<\/div><\/div><\/div><\/div>\t\t\t\t<\/div>\n\t\t\t\t\t\t\t<\/div>\n\t\t\t\t\t\t\t\t<\/div>\n\t\t\t\t<\/div>\n\t\t<div class=\"elementor-element elementor-element-c0fdffb e-flex e-con-boxed e-con e-parent\" data-id=\"c0fdffb\" data-element_type=\"container\" data-e-type=\"container\">\n\t\t\t\t\t<div class=\"e-con-inner\">\n\t\t<div class=\"elementor-element elementor-element-ae88c14 e-con-full e-flex e-con e-child\" data-id=\"ae88c14\" data-element_type=\"container\" data-e-type=\"container\">\n\t\t\t\t<div class=\"elementor-element elementor-element-2f57887 elementor-widget elementor-widget-heading\" data-id=\"2f57887\" data-element_type=\"widget\" data-e-type=\"widget\" data-widget_type=\"heading.default\">\n\t\t\t\t\t<h2 class=\"elementor-heading-title elementor-size-default\">Un <span style=\"color:#FFB649\">espacio privilegiado equipado<\/span> con todo lo que el alumnado necesita\n\n<\/h2>\t\t\t\t<\/div>\n\t\t\t\t<div class=\"elementor-element elementor-element-040fdca elementor-widget elementor-widget-text-editor\" data-id=\"040fdca\" data-element_type=\"widget\" data-e-type=\"widget\" data-widget_type=\"text-editor.default\">\n\t\t\t\t\t\t\t\t\t<p>Las instalaciones de la Escola de Pastisseria del Gremi de Barcelona cuentan con <b>tres obradores<\/b> (central de pr\u00e1cticas, helader\u00eda y masas fermentadas), donde se desarrollan las <b>clases pr\u00e1cticas<\/b>, y tambi\u00e9n dispone de tres aulas de te\u00f3rica. Adem\u00e1s, durante su estancia en la EPGB, todo el alumnado tiene la posibilidad de realizar pr\u00e1cticas en el <b>espacio Bean to bar del Museu de la Xocolata<\/b> situado en el mismo edificio de la escuela.<\/p><p>En cada uno de los espacios disfrutar\u00e1s de una <b>atenci\u00f3n individualizada con el profesorado<\/b> y tendr\u00e1s a tu alcance los mejores ingredientes y tecnolog\u00eda que te ofrece la escuela.<\/p><p>Espacios destacados:<\/p>\t\t\t\t\t\t\t\t<\/div>\n\t\t\t\t<\/div>\n\t\t<div class=\"elementor-element elementor-element-040e21b e-con-full elementor-hidden-tablet e-flex e-con e-child\" data-id=\"040e21b\" data-element_type=\"container\" data-e-type=\"container\">\n\t\t\t\t<div class=\"elementor-element elementor-element-382d801 elementor-widget elementor-widget-image\" data-id=\"382d801\" data-element_type=\"widget\" data-e-type=\"widget\" data-widget_type=\"image.default\">\n\t\t\t\t\t\t\t\t\t\t\t\t\t\t\t<img fetchpriority=\"high\" decoding=\"async\" width=\"900\" height=\"716\" src=\"https:\/\/www.escoladepastisseria.cat\/wp-content\/uploads\/2025\/12\/instalacions-escola-pastisseria-5.jpg\" class=\"attachment-full size-full wp-image-5101\" alt=\"\" srcset=\"https:\/\/www.escoladepastisseria.cat\/wp-content\/uploads\/2025\/12\/instalacions-escola-pastisseria-5.jpg 900w, https:\/\/www.escoladepastisseria.cat\/wp-content\/uploads\/2025\/12\/instalacions-escola-pastisseria-5-300x239.jpg 300w, https:\/\/www.escoladepastisseria.cat\/wp-content\/uploads\/2025\/12\/instalacions-escola-pastisseria-5-768x611.jpg 768w, https:\/\/www.escoladepastisseria.cat\/wp-content\/uploads\/2025\/12\/instalacions-escola-pastisseria-5-500x398.jpg 500w, https:\/\/www.escoladepastisseria.cat\/wp-content\/uploads\/2025\/12\/instalacions-escola-pastisseria-5-800x636.jpg 800w\" sizes=\"(max-width: 900px) 100vw, 900px\" \/>\t\t\t\t\t\t\t\t\t\t\t\t\t\t\t<\/div>\n\t\t\t\t<\/div>\n\t\t\t\t\t<\/div>\n\t\t\t\t<\/div>\n\t\t<div class=\"elementor-element elementor-element-0c1961c e-flex e-con-boxed e-con e-parent\" data-id=\"0c1961c\" data-element_type=\"container\" data-e-type=\"container\">\n\t\t\t\t\t<div class=\"e-con-inner\">\n\t\t<div class=\"elementor-element elementor-element-1637d08 e-con-full e-flex e-con e-child\" data-id=\"1637d08\" data-element_type=\"container\" data-e-type=\"container\">\n\t\t\t\t<div class=\"elementor-element elementor-element-0fb8469 elementor-invisible elementor-widget elementor-widget-heading\" data-id=\"0fb8469\" data-element_type=\"widget\" data-e-type=\"widget\" data-settings=\"{&quot;_animation&quot;:&quot;fadeInUp&quot;}\" data-widget_type=\"heading.default\">\n\t\t\t\t\t<h2 class=\"elementor-heading-title elementor-size-default\">Obradores<\/h2>\t\t\t\t<\/div>\n\t\t\t\t<div class=\"elementor-element elementor-element-40b1189 elementor-pagination-position-outside elementor-widget elementor-widget-image-carousel\" data-id=\"40b1189\" data-element_type=\"widget\" data-e-type=\"widget\" data-settings=\"{&quot;slides_to_show&quot;:&quot;1&quot;,&quot;navigation&quot;:&quot;dots&quot;,&quot;autoplay&quot;:&quot;yes&quot;,&quot;pause_on_hover&quot;:&quot;yes&quot;,&quot;pause_on_interaction&quot;:&quot;yes&quot;,&quot;autoplay_speed&quot;:5000,&quot;infinite&quot;:&quot;yes&quot;,&quot;effect&quot;:&quot;slide&quot;,&quot;speed&quot;:500}\" data-widget_type=\"image-carousel.default\">\n\t\t\t\t\t\t\t<div class=\"elementor-image-carousel-wrapper swiper\" role=\"region\" aria-roledescription=\"carousel\" aria-label=\"Obradors - EPGB\" dir=\"ltr\">\n\t\t\t<div class=\"elementor-image-carousel swiper-wrapper\" aria-live=\"off\">\n\t\t\t\t\t\t\t\t<div class=\"swiper-slide\" role=\"group\" aria-roledescription=\"slide\" aria-label=\"1 de 5\"><figure class=\"swiper-slide-inner\"><img decoding=\"async\" class=\"swiper-slide-image\" src=\"https:\/\/www.escoladepastisseria.cat\/wp-content\/uploads\/2026\/03\/Montserrat-Saperas-2.jpg\" alt=\"Obradores - EPGB\" \/><\/figure><\/div><div class=\"swiper-slide\" role=\"group\" aria-roledescription=\"slide\" aria-label=\"2 de 5\"><figure class=\"swiper-slide-inner\"><img decoding=\"async\" class=\"swiper-slide-image\" src=\"https:\/\/www.escoladepastisseria.cat\/wp-content\/uploads\/2026\/03\/Montserrat-Saperas.jpg\" alt=\"Obradores - EPGB\" \/><\/figure><\/div><div class=\"swiper-slide\" role=\"group\" aria-roledescription=\"slide\" aria-label=\"3 de 5\"><figure class=\"swiper-slide-inner\"><img decoding=\"async\" class=\"swiper-slide-image\" src=\"https:\/\/www.escoladepastisseria.cat\/wp-content\/uploads\/2026\/03\/Escola_pastisseria_gremi_barcelona_cursos_9.jpg\" alt=\"Obradores - EPGB\" \/><\/figure><\/div><div class=\"swiper-slide\" role=\"group\" aria-roledescription=\"slide\" aria-label=\"4 de 5\"><figure class=\"swiper-slide-inner\"><img decoding=\"async\" class=\"swiper-slide-image\" src=\"https:\/\/www.escoladepastisseria.cat\/wp-content\/uploads\/2026\/03\/Escola_pastisseria_gremi_barcelona_cursos_8.jpg\" alt=\"Obradores - EPGB\" \/><\/figure><\/div><div class=\"swiper-slide\" role=\"group\" aria-roledescription=\"slide\" aria-label=\"5 de 5\"><figure class=\"swiper-slide-inner\"><img decoding=\"async\" class=\"swiper-slide-image\" src=\"https:\/\/www.escoladepastisseria.cat\/wp-content\/uploads\/2026\/03\/Escola_pastisseria_gremi_barcelona_cursos_2.jpg\" alt=\"Obradores - EPGB\" \/><\/figure><\/div>\t\t\t<\/div>\n\t\t\t\t\t\t\t\n\t\t\t\t\t\t\t\t\t<div class=\"swiper-pagination\"><\/div>\n\t\t\t\t\t\t\t\t\t<\/div>\n\t\t\t\t\t\t<\/div>\n\t\t\t\t<div class=\"elementor-element elementor-element-a7eb78c elementor-widget elementor-widget-text-editor\" data-id=\"a7eb78c\" data-element_type=\"widget\" data-e-type=\"widget\" data-widget_type=\"text-editor.default\">\n\t\t\t\t\t\t\t\t\t<p><strong>Espacios di\u00e1fanos y luminosos<\/strong> donde te sentir\u00e1s muy c\u00f3modo y disfrutar\u00e1s al m\u00e1ximo de tu formaci\u00f3n. Dispondr\u00e1s de los ingredientes necesarios para tus pr\u00e1cticas y podr\u00e1s <strong>utilizar los equipos profesionales de tecnolog\u00eda punta con<\/strong> los que cuenta la escuela.<\/p>\t\t\t\t\t\t\t\t<\/div>\n\t\t\t\t<\/div>\n\t\t<div class=\"elementor-element elementor-element-ad5317c e-con-full e-flex e-con e-child\" data-id=\"ad5317c\" data-element_type=\"container\" data-e-type=\"container\">\n\t\t\t\t<div class=\"elementor-element elementor-element-91238d9 elementor-invisible elementor-widget elementor-widget-heading\" data-id=\"91238d9\" data-element_type=\"widget\" data-e-type=\"widget\" data-settings=\"{&quot;_animation&quot;:&quot;fadeInUp&quot;}\" data-widget_type=\"heading.default\">\n\t\t\t\t\t<h2 class=\"elementor-heading-title elementor-size-default\">Aulas te\u00f3ricas\n<\/h2>\t\t\t\t<\/div>\n\t\t\t\t<div class=\"elementor-element elementor-element-c413589 elementor-pagination-position-outside elementor-widget elementor-widget-image-carousel\" data-id=\"c413589\" data-element_type=\"widget\" data-e-type=\"widget\" data-settings=\"{&quot;slides_to_show&quot;:&quot;1&quot;,&quot;navigation&quot;:&quot;dots&quot;,&quot;autoplay&quot;:&quot;yes&quot;,&quot;pause_on_hover&quot;:&quot;yes&quot;,&quot;pause_on_interaction&quot;:&quot;yes&quot;,&quot;autoplay_speed&quot;:5000,&quot;infinite&quot;:&quot;yes&quot;,&quot;effect&quot;:&quot;slide&quot;,&quot;speed&quot;:500}\" data-widget_type=\"image-carousel.default\">\n\t\t\t\t\t\t\t<div class=\"elementor-image-carousel-wrapper swiper\" role=\"region\" aria-roledescription=\"carousel\" aria-label=\"Aules te\u00f2riques - EPGB\" dir=\"ltr\">\n\t\t\t<div class=\"elementor-image-carousel swiper-wrapper\" aria-live=\"off\">\n\t\t\t\t\t\t\t\t<div class=\"swiper-slide\" role=\"group\" aria-roledescription=\"slide\" aria-label=\"1 de 4\"><figure class=\"swiper-slide-inner\"><img decoding=\"async\" class=\"swiper-slide-image\" src=\"https:\/\/www.escoladepastisseria.cat\/wp-content\/uploads\/2026\/03\/Aula-magna.jpg\" alt=\"Aula magna\" \/><\/figure><\/div><div class=\"swiper-slide\" role=\"group\" aria-roledescription=\"slide\" aria-label=\"2 de 4\"><figure class=\"swiper-slide-inner\"><img decoding=\"async\" class=\"swiper-slide-image\" src=\"https:\/\/www.escoladepastisseria.cat\/wp-content\/uploads\/2026\/03\/Escola_pastisseria_gremi_barcelona_cursos_15.jpg\" alt=\"Escola_pastisseria_gremi_barcelona_cursos_15\" \/><\/figure><\/div><div class=\"swiper-slide\" role=\"group\" aria-roledescription=\"slide\" aria-label=\"3 de 4\"><figure class=\"swiper-slide-inner\"><img decoding=\"async\" class=\"swiper-slide-image\" src=\"https:\/\/www.escoladepastisseria.cat\/wp-content\/uploads\/2025\/11\/DSC9538.jpg\" alt=\"1er, 2\u00ba, 3er curso y el M\u00e1ster de Alta Pasteler\u00eda\" \/><\/figure><\/div><div class=\"swiper-slide\" role=\"group\" aria-roledescription=\"slide\" aria-label=\"4 de 4\"><figure class=\"swiper-slide-inner\"><img decoding=\"async\" class=\"swiper-slide-image\" src=\"https:\/\/www.escoladepastisseria.cat\/wp-content\/uploads\/2025\/11\/Saperas-2.jpg\" alt=\"Saperas 2\" \/><\/figure><\/div>\t\t\t<\/div>\n\t\t\t\t\t\t\t\n\t\t\t\t\t\t\t\t\t<div class=\"swiper-pagination\"><\/div>\n\t\t\t\t\t\t\t\t\t<\/div>\n\t\t\t\t\t\t<\/div>\n\t\t\t\t<div class=\"elementor-element elementor-element-00e83b0 elementor-widget elementor-widget-text-editor\" data-id=\"00e83b0\" data-element_type=\"widget\" data-e-type=\"widget\" data-widget_type=\"text-editor.default\">\n\t\t\t\t\t\t\t\t\t<p>Destaca el Aula Magna, una <strong>gran sala <\/strong>de formaci\u00f3n id\u00f3nea para <strong>las demostraciones y clases magistrales<\/strong> que imparten docentes de la misma escuela y tambi\u00e9n profesores invitados.<\/p>\t\t\t\t\t\t\t\t<\/div>\n\t\t\t\t<\/div>\n\t\t\t\t\t<\/div>\n\t\t\t\t<\/div>\n\t\t\t\t<\/div>\n\t\t","protected":false},"excerpt":{"rendered":"<p>Las Instalaciones Un espacio privilegiado equipado con todo lo que el alumnado necesita Las instalaciones de la Escola de Pastisseria del Gremi de Barcelona cuentan con tres obradores (central de pr\u00e1cticas, helader\u00eda y masas fermentadas), donde se desarrollan las clases pr\u00e1cticas, y tambi\u00e9n dispone de tres aulas de te\u00f3rica. Adem\u00e1s, durante su estancia en la [&hellip;]<\/p>\n","protected":false},"author":3,"featured_media":5100,"parent":0,"menu_order":0,"comment_status":"closed","ping_status":"closed","template":"","meta":{"_vp_format_video_url":"","_vp_image_focal_point":[],"footnotes":""},"class_list":["post-5108","page","type-page","status-publish","has-post-thumbnail","hentry"],"yoast_head":"<!-- This site is optimized with the Yoast SEO plugin v27.5 - https:\/\/yoast.com\/product\/yoast-seo-wordpress\/ -->\n<title>Instalaciones - EPGB - Escola de Pastisseria del Gremi de Barcelona<\/title>\n<meta name=\"description\" content=\"Explora las instalaciones de la Escuela de Pasteler\u00eda del Gremio de Barcelona con talleres equipados para formaci\u00f3n profesional.\" \/>\n<meta name=\"robots\" content=\"index, follow, max-snippet:-1, max-image-preview:large, max-video-preview:-1\" \/>\n<link rel=\"canonical\" href=\"https:\/\/www.escoladepastisseria.cat\/es\/instalaciones\/\" \/>\n<meta property=\"og:locale\" content=\"es_ES\" \/>\n<meta property=\"og:type\" content=\"article\" \/>\n<meta property=\"og:title\" content=\"Instalaciones - EPGB - Escola de Pastisseria del Gremi de Barcelona\" \/>\n<meta property=\"og:description\" content=\"Explora las instalaciones de la Escuela de Pasteler\u00eda del Gremio de Barcelona con talleres equipados para formaci\u00f3n profesional.\" \/>\n<meta property=\"og:url\" content=\"https:\/\/www.escoladepastisseria.cat\/es\/instalaciones\/\" \/>\n<meta property=\"og:site_name\" content=\"EPGB - Escola de Pastisseria del Gremi de Barcelona\" \/>\n<meta property=\"article:modified_time\" content=\"2026-04-22T15:46:36+00:00\" \/>\n<meta property=\"og:image\" content=\"https:\/\/www.escoladepastisseria.cat\/wp-content\/uploads\/2025\/11\/DSC3705.jpg\" \/>\n\t<meta property=\"og:image:width\" content=\"1000\" \/>\n\t<meta property=\"og:image:height\" content=\"1503\" \/>\n\t<meta property=\"og:image:type\" content=\"image\/jpeg\" \/>\n<meta name=\"twitter:card\" content=\"summary_large_image\" \/>\n<meta name=\"twitter:label1\" content=\"Tiempo de lectura\" \/>\n\t<meta name=\"twitter:data1\" content=\"1 minuto\" \/>\n<script type=\"application\/ld+json\" class=\"yoast-schema-graph\">{\"@context\":\"https:\\\/\\\/schema.org\",\"@graph\":[{\"@type\":\"WebPage\",\"@id\":\"https:\\\/\\\/www.escoladepastisseria.cat\\\/es\\\/instalaciones\\\/\",\"url\":\"https:\\\/\\\/www.escoladepastisseria.cat\\\/es\\\/instalaciones\\\/\",\"name\":\"Instalaciones - EPGB - Escola de Pastisseria del Gremi de Barcelona\",\"isPartOf\":{\"@id\":\"https:\\\/\\\/www.escoladepastisseria.cat\\\/es\\\/#website\"},\"primaryImageOfPage\":{\"@id\":\"https:\\\/\\\/www.escoladepastisseria.cat\\\/es\\\/instalaciones\\\/#primaryimage\"},\"image\":{\"@id\":\"https:\\\/\\\/www.escoladepastisseria.cat\\\/es\\\/instalaciones\\\/#primaryimage\"},\"thumbnailUrl\":\"https:\\\/\\\/www.escoladepastisseria.cat\\\/wp-content\\\/uploads\\\/2025\\\/11\\\/DSC3705.jpg\",\"datePublished\":\"2025-11-10T10:38:29+00:00\",\"dateModified\":\"2026-04-22T15:46:36+00:00\",\"description\":\"Explora las instalaciones de la Escuela de Pasteler\u00eda del Gremio de Barcelona con talleres equipados para formaci\u00f3n profesional.\",\"breadcrumb\":{\"@id\":\"https:\\\/\\\/www.escoladepastisseria.cat\\\/es\\\/instalaciones\\\/#breadcrumb\"},\"inLanguage\":\"es\",\"potentialAction\":[{\"@type\":\"ReadAction\",\"target\":[\"https:\\\/\\\/www.escoladepastisseria.cat\\\/es\\\/instalaciones\\\/\"]}]},{\"@type\":\"ImageObject\",\"inLanguage\":\"es\",\"@id\":\"https:\\\/\\\/www.escoladepastisseria.cat\\\/es\\\/instalaciones\\\/#primaryimage\",\"url\":\"https:\\\/\\\/www.escoladepastisseria.cat\\\/wp-content\\\/uploads\\\/2025\\\/11\\\/DSC3705.jpg\",\"contentUrl\":\"https:\\\/\\\/www.escoladepastisseria.cat\\\/wp-content\\\/uploads\\\/2025\\\/11\\\/DSC3705.jpg\",\"width\":1000,\"height\":1503,\"caption\":\"EPGB - Instalaciones\"},{\"@type\":\"BreadcrumbList\",\"@id\":\"https:\\\/\\\/www.escoladepastisseria.cat\\\/es\\\/instalaciones\\\/#breadcrumb\",\"itemListElement\":[{\"@type\":\"ListItem\",\"position\":1,\"name\":\"Portada\",\"item\":\"https:\\\/\\\/www.escoladepastisseria.cat\\\/es\\\/\"},{\"@type\":\"ListItem\",\"position\":2,\"name\":\"Instalaciones\"}]},{\"@type\":\"WebSite\",\"@id\":\"https:\\\/\\\/www.escoladepastisseria.cat\\\/es\\\/#website\",\"url\":\"https:\\\/\\\/www.escoladepastisseria.cat\\\/es\\\/\",\"name\":\"EPGB - Escola de Pastisseria del Gremi de Barcelona\",\"description\":\"\",\"publisher\":{\"@id\":\"https:\\\/\\\/www.escoladepastisseria.cat\\\/es\\\/#organization\"},\"potentialAction\":[{\"@type\":\"SearchAction\",\"target\":{\"@type\":\"EntryPoint\",\"urlTemplate\":\"https:\\\/\\\/www.escoladepastisseria.cat\\\/es\\\/?s={search_term_string}\"},\"query-input\":{\"@type\":\"PropertyValueSpecification\",\"valueRequired\":true,\"valueName\":\"search_term_string\"}}],\"inLanguage\":\"es\"},{\"@type\":\"Organization\",\"@id\":\"https:\\\/\\\/www.escoladepastisseria.cat\\\/es\\\/#organization\",\"name\":\"EPGB - Escola de Pastisseria del Gremi de Barcelona\",\"url\":\"https:\\\/\\\/www.escoladepastisseria.cat\\\/es\\\/\",\"logo\":{\"@type\":\"ImageObject\",\"inLanguage\":\"es\",\"@id\":\"https:\\\/\\\/www.escoladepastisseria.cat\\\/es\\\/#\\\/schema\\\/logo\\\/image\\\/\",\"url\":\"https:\\\/\\\/www.escoladepastisseria.cat\\\/wp-content\\\/uploads\\\/2025\\\/11\\\/logo_epgb.png\",\"contentUrl\":\"https:\\\/\\\/www.escoladepastisseria.cat\\\/wp-content\\\/uploads\\\/2025\\\/11\\\/logo_epgb.png\",\"width\":500,\"height\":225,\"caption\":\"EPGB - Escola de Pastisseria del Gremi de Barcelona\"},\"image\":{\"@id\":\"https:\\\/\\\/www.escoladepastisseria.cat\\\/es\\\/#\\\/schema\\\/logo\\\/image\\\/\"}}]}<\/script>\n<!-- \/ Yoast SEO plugin. -->","yoast_head_json":{"title":"Instalaciones - EPGB - Escola de Pastisseria del Gremi de Barcelona","description":"Explora las instalaciones de la Escuela de Pasteler\u00eda del Gremio de Barcelona con talleres equipados para formaci\u00f3n profesional.","robots":{"index":"index","follow":"follow","max-snippet":"max-snippet:-1","max-image-preview":"max-image-preview:large","max-video-preview":"max-video-preview:-1"},"canonical":"https:\/\/www.escoladepastisseria.cat\/es\/instalaciones\/","og_locale":"es_ES","og_type":"article","og_title":"Instalaciones - EPGB - Escola de Pastisseria del Gremi de Barcelona","og_description":"Explora las instalaciones de la Escuela de Pasteler\u00eda del Gremio de Barcelona con talleres equipados para formaci\u00f3n profesional.","og_url":"https:\/\/www.escoladepastisseria.cat\/es\/instalaciones\/","og_site_name":"EPGB - Escola de Pastisseria del Gremi de Barcelona","article_modified_time":"2026-04-22T15:46:36+00:00","og_image":[{"width":1000,"height":1503,"url":"https:\/\/www.escoladepastisseria.cat\/wp-content\/uploads\/2025\/11\/DSC3705.jpg","type":"image\/jpeg"}],"twitter_card":"summary_large_image","twitter_misc":{"Tiempo de lectura":"1 minuto"},"schema":{"@context":"https:\/\/schema.org","@graph":[{"@type":"WebPage","@id":"https:\/\/www.escoladepastisseria.cat\/es\/instalaciones\/","url":"https:\/\/www.escoladepastisseria.cat\/es\/instalaciones\/","name":"Instalaciones - EPGB - Escola de Pastisseria del Gremi de Barcelona","isPartOf":{"@id":"https:\/\/www.escoladepastisseria.cat\/es\/#website"},"primaryImageOfPage":{"@id":"https:\/\/www.escoladepastisseria.cat\/es\/instalaciones\/#primaryimage"},"image":{"@id":"https:\/\/www.escoladepastisseria.cat\/es\/instalaciones\/#primaryimage"},"thumbnailUrl":"https:\/\/www.escoladepastisseria.cat\/wp-content\/uploads\/2025\/11\/DSC3705.jpg","datePublished":"2025-11-10T10:38:29+00:00","dateModified":"2026-04-22T15:46:36+00:00","description":"Explora las instalaciones de la Escuela de Pasteler\u00eda del Gremio de Barcelona con talleres equipados para formaci\u00f3n profesional.","breadcrumb":{"@id":"https:\/\/www.escoladepastisseria.cat\/es\/instalaciones\/#breadcrumb"},"inLanguage":"es","potentialAction":[{"@type":"ReadAction","target":["https:\/\/www.escoladepastisseria.cat\/es\/instalaciones\/"]}]},{"@type":"ImageObject","inLanguage":"es","@id":"https:\/\/www.escoladepastisseria.cat\/es\/instalaciones\/#primaryimage","url":"https:\/\/www.escoladepastisseria.cat\/wp-content\/uploads\/2025\/11\/DSC3705.jpg","contentUrl":"https:\/\/www.escoladepastisseria.cat\/wp-content\/uploads\/2025\/11\/DSC3705.jpg","width":1000,"height":1503,"caption":"EPGB - Instalaciones"},{"@type":"BreadcrumbList","@id":"https:\/\/www.escoladepastisseria.cat\/es\/instalaciones\/#breadcrumb","itemListElement":[{"@type":"ListItem","position":1,"name":"Portada","item":"https:\/\/www.escoladepastisseria.cat\/es\/"},{"@type":"ListItem","position":2,"name":"Instalaciones"}]},{"@type":"WebSite","@id":"https:\/\/www.escoladepastisseria.cat\/es\/#website","url":"https:\/\/www.escoladepastisseria.cat\/es\/","name":"EPGB - Escola de Pastisseria del Gremi de Barcelona","description":"","publisher":{"@id":"https:\/\/www.escoladepastisseria.cat\/es\/#organization"},"potentialAction":[{"@type":"SearchAction","target":{"@type":"EntryPoint","urlTemplate":"https:\/\/www.escoladepastisseria.cat\/es\/?s={search_term_string}"},"query-input":{"@type":"PropertyValueSpecification","valueRequired":true,"valueName":"search_term_string"}}],"inLanguage":"es"},{"@type":"Organization","@id":"https:\/\/www.escoladepastisseria.cat\/es\/#organization","name":"EPGB - Escola de Pastisseria del Gremi de Barcelona","url":"https:\/\/www.escoladepastisseria.cat\/es\/","logo":{"@type":"ImageObject","inLanguage":"es","@id":"https:\/\/www.escoladepastisseria.cat\/es\/#\/schema\/logo\/image\/","url":"https:\/\/www.escoladepastisseria.cat\/wp-content\/uploads\/2025\/11\/logo_epgb.png","contentUrl":"https:\/\/www.escoladepastisseria.cat\/wp-content\/uploads\/2025\/11\/logo_epgb.png","width":500,"height":225,"caption":"EPGB - Escola de Pastisseria del Gremi de Barcelona"},"image":{"@id":"https:\/\/www.escoladepastisseria.cat\/es\/#\/schema\/logo\/image\/"}}]}},"_links":{"self":[{"href":"https:\/\/www.escoladepastisseria.cat\/es\/wp-json\/wp\/v2\/pages\/5108","targetHints":{"allow":["GET"]}}],"collection":[{"href":"https:\/\/www.escoladepastisseria.cat\/es\/wp-json\/wp\/v2\/pages"}],"about":[{"href":"https:\/\/www.escoladepastisseria.cat\/es\/wp-json\/wp\/v2\/types\/page"}],"author":[{"embeddable":true,"href":"https:\/\/www.escoladepastisseria.cat\/es\/wp-json\/wp\/v2\/users\/3"}],"replies":[{"embeddable":true,"href":"https:\/\/www.escoladepastisseria.cat\/es\/wp-json\/wp\/v2\/comments?post=5108"}],"version-history":[{"count":1,"href":"https:\/\/www.escoladepastisseria.cat\/es\/wp-json\/wp\/v2\/pages\/5108\/revisions"}],"predecessor-version":[{"id":5119,"href":"https:\/\/www.escoladepastisseria.cat\/es\/wp-json\/wp\/v2\/pages\/5108\/revisions\/5119"}],"wp:featuredmedia":[{"embeddable":true,"href":"https:\/\/www.escoladepastisseria.cat\/es\/wp-json\/wp\/v2\/media\/5100"}],"wp:attachment":[{"href":"https:\/\/www.escoladepastisseria.cat\/es\/wp-json\/wp\/v2\/media?parent=5108"}],"curies":[{"name":"wp","href":"https:\/\/api.w.org\/{rel}","templated":true}]}}